{"id":61,"date":"2020-11-03T19:03:17","date_gmt":"2020-11-03T18:03:17","guid":{"rendered":"http:\/\/hotelwysokabrama.olsztyn.pl\/?page_id=61"},"modified":"2020-11-03T19:03:18","modified_gmt":"2020-11-03T18:03:18","slug":"pokoje","status":"publish","type":"page","link":"http:\/\/hotelwysokabrama.olsztyn.pl\/index.php\/pokoje\/","title":{"rendered":"Pokoje"},"content":{"rendered":"\n<p>Pok\u00f3j jednoosobowy bez \u0142azienki<\/p>\n\n\n\n<p>Pok\u00f3j jednoosobowy z umywalk\u0105 <\/p>\n\n\n\n<figure class=\"wp-block-gallery columns-2 is-cropped wp-block-gallery-1 is-layout-flex wp-block-gallery-is-layout-flex\"><ul class=\"blocks-gallery-grid\"><li class=\"blocks-gallery-item\"><figure><img loading=\"lazy\" decoding=\"async\" width=\"726\" height=\"1024\" src=\"http:\/\/hotelwysokabrama.olsztyn.pl\/wp-content\/uploads\/2020\/11\/Pokoj-dwuosobowy-z-dwoma-lozkami-z-umywalka-4-726x1024.jpg\" alt=\"\" data-id=\"22\" data-full-url=\"http:\/\/hotelwysokabrama.olsztyn.pl\/wp-content\/uploads\/2020\/11\/Pokoj-dwuosobowy-z-dwoma-lozkami-z-umywalka-4.jpg\" data-link=\"http:\/\/hotelwysokabrama.olsztyn.pl\/pokoj-dwuosobowy-z-dwoma-lozkami-z-umywalka-4\/\" class=\"wp-image-22\" srcset=\"http:\/\/hotelwysokabrama.olsztyn.pl\/wp-content\/uploads\/2020\/11\/Pokoj-dwuosobowy-z-dwoma-lozkami-z-umywalka-4-726x1024.jpg 726w, http:\/\/hotelwysokabrama.olsztyn.pl\/wp-content\/uploads\/2020\/11\/Pokoj-dwuosobowy-z-dwoma-lozkami-z-umywalka-4-213x300.jpg 213w, http:\/\/hotelwysokabrama.olsztyn.pl\/wp-content\/uploads\/2020\/11\/Pokoj-dwuosobowy-z-dwoma-lozkami-z-umywalka-4-768x1083.jpg 768w, http:\/\/hotelwysokabrama.olsztyn.pl\/wp-content\/uploads\/2020\/11\/Pokoj-dwuosobowy-z-dwoma-lozkami-z-umywalka-4.jpg 964w\" sizes=\"auto, (max-width: 726px) 100vw, 726px\" \/><\/figure><\/li><li class=\"blocks-gallery-item\"><figure><img loading=\"lazy\" decoding=\"async\" width=\"684\" height=\"1024\" src=\"http:\/\/hotelwysokabrama.olsztyn.pl\/wp-content\/uploads\/2020\/11\/Pokoj-jednoosobowy-z-umywalka-684x1024.jpg\" alt=\"\" data-id=\"32\" data-full-url=\"http:\/\/hotelwysokabrama.olsztyn.pl\/wp-content\/uploads\/2020\/11\/Pokoj-jednoosobowy-z-umywalka.jpg\" data-link=\"http:\/\/hotelwysokabrama.olsztyn.pl\/pokoj-jednoosobowy-z-umywalka\/\" class=\"wp-image-32\" srcset=\"http:\/\/hotelwysokabrama.olsztyn.pl\/wp-content\/uploads\/2020\/11\/Pokoj-jednoosobowy-z-umywalka-684x1024.jpg 684w, http:\/\/hotelwysokabrama.olsztyn.pl\/wp-content\/uploads\/2020\/11\/Pokoj-jednoosobowy-z-umywalka-200x300.jpg 200w, http:\/\/hotelwysokabrama.olsztyn.pl\/wp-content\/uploads\/2020\/11\/Pokoj-jednoosobowy-z-umywalka-768x1150.jpg 768w, http:\/\/hotelwysokabrama.olsztyn.pl\/wp-content\/uploads\/2020\/11\/Pokoj-jednoosobowy-z-umywalka.jpg 964w\" sizes=\"auto, (max-width: 684px) 100vw, 684px\" \/><\/figure><\/li><\/ul><\/figure>\n\n\n\n<p>Pok\u00f3j jednoosobowy z umywalk\u0105<\/p>\n\n\n\n<figure class=\"wp-block-gallery columns-1 is-cropped wp-block-gallery-2 is-layout-flex wp-block-gallery-is-layout-flex\"><ul class=\"blocks-gallery-grid\"><li class=\"blocks-gallery-item\"><figure><img loading=\"lazy\" decoding=\"async\" width=\"1024\" height=\"684\" src=\"http:\/\/hotelwysokabrama.olsztyn.pl\/wp-content\/uploads\/2020\/11\/Pokoj-jednoosobowy-z-lazienka-2-1024x684.jpg\" alt=\"\" data-id=\"30\" data-full-url=\"http:\/\/hotelwysokabrama.olsztyn.pl\/wp-content\/uploads\/2020\/11\/Pokoj-jednoosobowy-z-lazienka-2.jpg\" data-link=\"http:\/\/hotelwysokabrama.olsztyn.pl\/pokoj-jednoosobowy-z-lazienka-2\/\" class=\"wp-image-30\" srcset=\"http:\/\/hotelwysokabrama.olsztyn.pl\/wp-content\/uploads\/2020\/11\/Pokoj-jednoosobowy-z-lazienka-2-1024x684.jpg 1024w, http:\/\/hotelwysokabrama.olsztyn.pl\/wp-content\/uploads\/2020\/11\/Pokoj-jednoosobowy-z-lazienka-2-300x200.jpg 300w, http:\/\/hotelwysokabrama.olsztyn.pl\/wp-content\/uploads\/2020\/11\/Pokoj-jednoosobowy-z-lazienka-2-768x513.jpg 768w, http:\/\/hotelwysokabrama.olsztyn.pl\/wp-content\/uploads\/2020\/11\/Pokoj-jednoosobowy-z-lazienka-2-1200x801.jpg 1200w, http:\/\/hotelwysokabrama.olsztyn.pl\/wp-content\/uploads\/2020\/11\/Pokoj-jednoosobowy-z-lazienka-2.jpg 1444w\" sizes=\"auto, (max-width: 1024px) 100vw, 1024px\" \/><\/figure><\/li><\/ul><\/figure>\n\n\n\n<p>Pok\u00f3j jednoosobowy z \u0142azienk\u0105<\/p>\n\n\n\n<figure class=\"wp-block-gallery columns-3 is-cropped wp-block-gallery-3 is-layout-flex wp-block-gallery-is-layout-flex\"><ul class=\"blocks-gallery-grid\"><li class=\"blocks-gallery-item\"><figure><img loading=\"lazy\" decoding=\"async\" width=\"678\" height=\"1024\" src=\"http:\/\/hotelwysokabrama.olsztyn.pl\/wp-content\/uploads\/2020\/11\/Pokoj-dwuosobowy-z-lozem-malzenskim-i-lazienka-678x1024.jpg\" alt=\"\" data-id=\"28\" data-full-url=\"http:\/\/hotelwysokabrama.olsztyn.pl\/wp-content\/uploads\/2020\/11\/Pokoj-dwuosobowy-z-lozem-malzenskim-i-lazienka.jpg\" data-link=\"http:\/\/hotelwysokabrama.olsztyn.pl\/pokoj-dwuosobowy-z-lozem-malzenskim-i-lazienka\/\" class=\"wp-image-28\" srcset=\"http:\/\/hotelwysokabrama.olsztyn.pl\/wp-content\/uploads\/2020\/11\/Pokoj-dwuosobowy-z-lozem-malzenskim-i-lazienka-678x1024.jpg 678w, http:\/\/hotelwysokabrama.olsztyn.pl\/wp-content\/uploads\/2020\/11\/Pokoj-dwuosobowy-z-lozem-malzenskim-i-lazienka-199x300.jpg 199w, http:\/\/hotelwysokabrama.olsztyn.pl\/wp-content\/uploads\/2020\/11\/Pokoj-dwuosobowy-z-lozem-malzenskim-i-lazienka-768x1160.jpg 768w, http:\/\/hotelwysokabrama.olsztyn.pl\/wp-content\/uploads\/2020\/11\/Pokoj-dwuosobowy-z-lozem-malzenskim-i-lazienka.jpg 783w\" sizes=\"auto, (max-width: 678px) 100vw, 678px\" \/><\/figure><\/li><li class=\"blocks-gallery-item\"><figure><img loading=\"lazy\" decoding=\"async\" width=\"1024\" height=\"678\" src=\"http:\/\/hotelwysokabrama.olsztyn.pl\/wp-content\/uploads\/2020\/11\/Pokoj-dwuosobowy-z-lozem-malzenskim-i-lazienka-2-1024x678.jpg\" alt=\"\" data-id=\"27\" data-full-url=\"http:\/\/hotelwysokabrama.olsztyn.pl\/wp-content\/uploads\/2020\/11\/Pokoj-dwuosobowy-z-lozem-malzenskim-i-lazienka-2.jpg\" data-link=\"http:\/\/hotelwysokabrama.olsztyn.pl\/pokoj-dwuosobowy-z-lozem-malzenskim-i-lazienka-2\/\" class=\"wp-image-27\" srcset=\"http:\/\/hotelwysokabrama.olsztyn.pl\/wp-content\/uploads\/2020\/11\/Pokoj-dwuosobowy-z-lozem-malzenskim-i-lazienka-2-1024x678.jpg 1024w, http:\/\/hotelwysokabrama.olsztyn.pl\/wp-content\/uploads\/2020\/11\/Pokoj-dwuosobowy-z-lozem-malzenskim-i-lazienka-2-300x199.jpg 300w, http:\/\/hotelwysokabrama.olsztyn.pl\/wp-content\/uploads\/2020\/11\/Pokoj-dwuosobowy-z-lozem-malzenskim-i-lazienka-2-768x508.jpg 768w, http:\/\/hotelwysokabrama.olsztyn.pl\/wp-content\/uploads\/2020\/11\/Pokoj-dwuosobowy-z-lozem-malzenskim-i-lazienka-2.jpg 1183w\" sizes=\"auto, (max-width: 1024px) 100vw, 1024px\" \/><\/figure><\/li><li class=\"blocks-gallery-item\"><figure><img loading=\"lazy\" decoding=\"async\" width=\"1024\" height=\"684\" src=\"http:\/\/hotelwysokabrama.olsztyn.pl\/wp-content\/uploads\/2020\/11\/Pokoj-dwuosobowy-z-lozem-malzenskim-z-lazienka-1024x684.jpg\" alt=\"\" data-id=\"29\" data-full-url=\"http:\/\/hotelwysokabrama.olsztyn.pl\/wp-content\/uploads\/2020\/11\/Pokoj-dwuosobowy-z-lozem-malzenskim-z-lazienka.jpg\" data-link=\"http:\/\/hotelwysokabrama.olsztyn.pl\/pokoj-dwuosobowy-z-lozem-malzenskim-z-lazienka\/\" class=\"wp-image-29\" srcset=\"http:\/\/hotelwysokabrama.olsztyn.pl\/wp-content\/uploads\/2020\/11\/Pokoj-dwuosobowy-z-lozem-malzenskim-z-lazienka-1024x684.jpg 1024w, http:\/\/hotelwysokabrama.olsztyn.pl\/wp-content\/uploads\/2020\/11\/Pokoj-dwuosobowy-z-lozem-malzenskim-z-lazienka-300x200.jpg 300w, http:\/\/hotelwysokabrama.olsztyn.pl\/wp-content\/uploads\/2020\/11\/Pokoj-dwuosobowy-z-lozem-malzenskim-z-lazienka-768x513.jpg 768w, http:\/\/hotelwysokabrama.olsztyn.pl\/wp-content\/uploads\/2020\/11\/Pokoj-dwuosobowy-z-lozem-malzenskim-z-lazienka-1536x1025.jpg 1536w, http:\/\/hotelwysokabrama.olsztyn.pl\/wp-content\/uploads\/2020\/11\/Pokoj-dwuosobowy-z-lozem-malzenskim-z-lazienka-1200x801.jpg 1200w, http:\/\/hotelwysokabrama.olsztyn.pl\/wp-content\/uploads\/2020\/11\/Pokoj-dwuosobowy-z-lozem-malzenskim-z-lazienka-1980x1322.jpg 1980w, http:\/\/hotelwysokabrama.olsztyn.pl\/wp-content\/uploads\/2020\/11\/Pokoj-dwuosobowy-z-lozem-malzenskim-z-lazienka.jpg 2000w\" sizes=\"auto, (max-width: 1024px) 100vw, 1024px\" \/><\/figure><\/li><\/ul><\/figure>\n","protected":false},"excerpt":{"rendered":"<p>Pok\u00f3j jednoosobowy bez \u0142azienki Pok\u00f3j jednoosobowy z umywalk\u0105 Pok\u00f3j jednoosobowy z umywalk\u0105 Pok\u00f3j jednoosobowy z \u0142azienk\u0105<\/p>\n","protected":false},"author":1,"featured_media":0,"parent":0,"menu_order":0,"comment_status":"closed","ping_status":"closed","template":"","meta":{"footnotes":""},"class_list":["post-61","page","type-page","status-publish","hentry"],"_links":{"self":[{"href":"http:\/\/hotelwysokabrama.olsztyn.pl\/index.php\/wp-json\/wp\/v2\/pages\/61","targetHints":{"allow":["GET"]}}],"collection":[{"href":"http:\/\/hotelwysokabrama.olsztyn.pl\/index.php\/wp-json\/wp\/v2\/pages"}],"about":[{"href":"http:\/\/hotelwysokabrama.olsztyn.pl\/index.php\/wp-json\/wp\/v2\/types\/page"}],"author":[{"embeddable":true,"href":"http:\/\/hotelwysokabrama.olsztyn.pl\/index.php\/wp-json\/wp\/v2\/users\/1"}],"replies":[{"embeddable":true,"href":"http:\/\/hotelwysokabrama.olsztyn.pl\/index.php\/wp-json\/wp\/v2\/comments?post=61"}],"version-history":[{"count":1,"href":"http:\/\/hotelwysokabrama.olsztyn.pl\/index.php\/wp-json\/wp\/v2\/pages\/61\/revisions"}],"predecessor-version":[{"id":62,"href":"http:\/\/hotelwysokabrama.olsztyn.pl\/index.php\/wp-json\/wp\/v2\/pages\/61\/revisions\/62"}],"wp:attachment":[{"href":"http:\/\/hotelwysokabrama.olsztyn.pl\/index.php\/wp-json\/wp\/v2\/media?parent=61"}],"curies":[{"name":"wp","href":"https:\/\/api.w.org\/{rel}","templated":true}]}}